{"id":1038,"date":"2024-11-14T12:51:23","date_gmt":"2024-11-14T12:51:23","guid":{"rendered":"https:\/\/econovo.com.ar\/?page_id=1038"},"modified":"2024-11-14T13:31:51","modified_gmt":"2024-11-14T13:31:51","slug":"trabaja-con-nosotros","status":"publish","type":"page","link":"https:\/\/econovo.com.ar\/eng\/trabaja-con-nosotros\/","title":{"rendered":"Trabaja con nosotros"},"content":{"rendered":"\t\t<div data-elementor-type=\"wp-page\" data-elementor-id=\"1038\" class=\"elementor elementor-1038\" data-elementor-post-type=\"page\">\n\t\t\t\t\t\t<section class=\"elementor-section elementor-top-section elementor-element elementor-element-368b361 elementor-section-boxed elementor-section-height-default elementor-section-height-default\" data-id=\"368b361\" data-element_type=\"section\" data-e-type=\"section\" data-settings=\"{&quot;jet_parallax_layout_list&quot;:[]}\">\n\t\t\t\t\t\t<div class=\"elementor-container elementor-column-gap-default\">\n\t\t\t\t\t<div class=\"elementor-column elementor-col-50 elementor-top-column elementor-element elementor-element-06d00aa\" data-id=\"06d00aa\" data-element_type=\"column\" data-e-type=\"column\">\n\t\t\t<div class=\"elementor-widget-wrap elementor-element-populated\">\n\t\t\t\t\t\t<div class=\"elementor-element elementor-element-6f5890b elementor-widget elementor-widget-heading\" data-id=\"6f5890b\" data-element_type=\"widget\" data-e-type=\"widget\" data-widget_type=\"heading.default\">\n\t\t\t\t<div class=\"elementor-widget-container\">\n\t\t\t\t\t<h1 class=\"elementor-heading-title elementor-size-default\">Trabaja con nosotros<\/h1>\t\t\t\t<\/div>\n\t\t\t\t<\/div>\n\t\t\t\t<div class=\"elementor-element elementor-element-426e14d elementor-widget elementor-widget-text-editor\" data-id=\"426e14d\" data-element_type=\"widget\" data-e-type=\"widget\" data-widget_type=\"text-editor.default\">\n\t\t\t\t<div class=\"elementor-widget-container\">\n\t\t\t\t\t\t\t\t\t<p>Nuestro objetivo principal en nuestro proceso de empleo es encontrar al candidato m\u00e1s adecuado para el puesto y para la familia ECONOVO.<\/p><p>Si est\u00e1s interesado en trabajar con nosotros, complet\u00e1 el formulario de esta p\u00e1gina y envianos tu CV.<\/p>\t\t\t\t\t\t\t\t<\/div>\n\t\t\t\t<\/div>\n\t\t\t\t<div class=\"elementor-element elementor-element-c3f3b35 elementor-widget-divider--view-line elementor-widget elementor-widget-divider\" data-id=\"c3f3b35\" data-element_type=\"widget\" data-e-type=\"widget\" data-widget_type=\"divider.default\">\n\t\t\t\t<div class=\"elementor-widget-container\">\n\t\t\t\t\t\t\t<div class=\"elementor-divider\">\n\t\t\t<span class=\"elementor-divider-separator\">\n\t\t\t\t\t\t<\/span>\n\t\t<\/div>\n\t\t\t\t\t\t<\/div>\n\t\t\t\t<\/div>\n\t\t\t\t<div class=\"elementor-element elementor-element-aa3b9bf elementor-widget elementor-widget-heading\" data-id=\"aa3b9bf\" data-element_type=\"widget\" data-e-type=\"widget\" data-widget_type=\"heading.default\">\n\t\t\t\t<div class=\"elementor-widget-container\">\n\t\t\t\t\t<div class=\"elementor-heading-title elementor-size-default\">Tambi\u00e9n pod\u00e9s enviarnos tu CV por email a:<\/div>\t\t\t\t<\/div>\n\t\t\t\t<\/div>\n\t\t\t\t<div class=\"elementor-element elementor-element-8be4e8e elementor-icon-list--layout-traditional elementor-list-item-link-full_width elementor-widget elementor-widget-icon-list\" data-id=\"8be4e8e\" data-element_type=\"widget\" data-e-type=\"widget\" data-widget_type=\"icon-list.default\">\n\t\t\t\t<div class=\"elementor-widget-container\">\n\t\t\t\t\t\t\t<ul class=\"elementor-icon-list-items\">\n\t\t\t\t\t\t\t<li class=\"elementor-icon-list-item\">\n\t\t\t\t\t\t\t\t\t\t\t<a href=\"mailto:rrhh@econovo.com.ar\" target=\"_blank\">\n\n\t\t\t\t\t\t\t\t\t\t\t\t<span class=\"elementor-icon-list-icon\">\n\t\t\t\t\t\t\t<i aria-hidden=\"true\" class=\"fas fa-envelope\"><\/i>\t\t\t\t\t\t<\/span>\n\t\t\t\t\t\t\t\t\t\t<span class=\"elementor-icon-list-text\">rrhh@econovo.com.ar<\/span>\n\t\t\t\t\t\t\t\t\t\t\t<\/a>\n\t\t\t\t\t\t\t\t\t<\/li>\n\t\t\t\t\t\t<\/ul>\n\t\t\t\t\t\t<\/div>\n\t\t\t\t<\/div>\n\t\t\t\t\t<\/div>\n\t\t<\/div>\n\t\t\t\t<div class=\"elementor-column elementor-col-50 elementor-top-column elementor-element elementor-element-0957ca1\" data-id=\"0957ca1\" data-element_type=\"column\" data-e-type=\"column\">\n\t\t\t<div class=\"elementor-widget-wrap elementor-element-populated\">\n\t\t\t\t\t\t<div class=\"elementor-element elementor-element-327ce08 elementor-button-align-stretch elementor-widget elementor-widget-form\" data-id=\"327ce08\" data-element_type=\"widget\" data-e-type=\"widget\" data-settings=\"{&quot;step_next_label&quot;:&quot;Siguiente&quot;,&quot;step_previous_label&quot;:&quot;Anterior&quot;,&quot;button_width&quot;:&quot;100&quot;,&quot;step_type&quot;:&quot;number_text&quot;,&quot;step_icon_shape&quot;:&quot;circle&quot;}\" data-widget_type=\"form.default\">\n\t\t\t\t<div class=\"elementor-widget-container\">\n\t\t\t\t\t\t\t<form class=\"elementor-form\" method=\"post\" name=\"Nuevo formulario\" aria-label=\"Nuevo formulario\">\n\t\t\t<input type=\"hidden\" name=\"post_id\" value=\"1038\"\/>\n\t\t\t<input type=\"hidden\" name=\"form_id\" value=\"327ce08\"\/>\n\t\t\t<input type=\"hidden\" name=\"referer_title\" value=\"Econovo Ambiental\" \/>\n\n\t\t\t\n\t\t\t<div class=\"elementor-form-fields-wrapper elementor-labels-above\">\n\t\t\t\t\t\t\t\t<div class=\"elementor-field-type-text elementor-field-group elementor-column elementor-field-group-name elementor-col-100 elementor-field-required elementor-mark-required\">\n\t\t\t\t\t\t\t\t\t\t\t\t<label for=\"form-field-name\" class=\"elementor-field-label\">\n\t\t\t\t\t\t\t\tNombre y apellido\t\t\t\t\t\t\t<\/label>\n\t\t\t\t\t\t\t\t\t\t\t\t\t\t<input size=\"1\" type=\"text\" name=\"form_fields[name]\" id=\"form-field-name\" class=\"elementor-field elementor-size-md  elementor-field-textual\" placeholder=\"Nombre y apellido\" required=\"required\">\n\t\t\t\t\t\t\t\t\t\t\t<\/div>\n\t\t\t\t\t\t\t\t<div class=\"elementor-field-type-email elementor-field-group elementor-column elementor-field-group-email elementor-col-100 elementor-field-required elementor-mark-required\">\n\t\t\t\t\t\t\t\t\t\t\t\t<label for=\"form-field-email\" class=\"elementor-field-label\">\n\t\t\t\t\t\t\t\tEmail\t\t\t\t\t\t\t<\/label>\n\t\t\t\t\t\t\t\t\t\t\t\t\t\t<input size=\"1\" type=\"email\" name=\"form_fields[email]\" id=\"form-field-email\" class=\"elementor-field elementor-size-md  elementor-field-textual\" placeholder=\"Email\" required=\"required\">\n\t\t\t\t\t\t\t\t\t\t\t<\/div>\n\t\t\t\t\t\t\t\t<div class=\"elementor-field-type-tel elementor-field-group elementor-column elementor-field-group-field_c90842a elementor-col-100 elementor-field-required elementor-mark-required\">\n\t\t\t\t\t\t\t\t\t\t\t\t<label for=\"form-field-field_c90842a\" class=\"elementor-field-label\">\n\t\t\t\t\t\t\t\tTel\u00e9fono\t\t\t\t\t\t\t<\/label>\n\t\t\t\t\t\t\t\t<input size=\"1\" type=\"tel\" name=\"form_fields[field_c90842a]\" id=\"form-field-field_c90842a\" class=\"elementor-field elementor-size-md  elementor-field-textual\" placeholder=\"Tel\u00e9fono\" required=\"required\" pattern=\"[0-9()#&amp;+*-=.]+\" title=\"Only numbers and phone characters (#, -, *, etc) are accepted.\">\n\n\t\t\t\t\t\t<\/div>\n\t\t\t\t\t\t\t\t<div class=\"elementor-field-type-select elementor-field-group elementor-column elementor-field-group-field_41d39cd elementor-col-100 elementor-field-required elementor-mark-required\">\n\t\t\t\t\t\t\t\t\t\t\t\t<label for=\"form-field-field_41d39cd\" class=\"elementor-field-label\">\n\t\t\t\t\t\t\t\tProvincia\t\t\t\t\t\t\t<\/label>\n\t\t\t\t\t\t\t\t<div class=\"elementor-field elementor-select-wrapper remove-before \">\n\t\t\t<div class=\"select-caret-down-wrapper\">\n\t\t\t\t<i aria-hidden=\"true\" class=\"eicon-caret-down\"><\/i>\t\t\t<\/div>\n\t\t\t<select name=\"form_fields[field_41d39cd]\" id=\"form-field-field_41d39cd\" class=\"elementor-field-textual elementor-size-md\" required=\"required\">\n\t\t\t\t\t\t\t\t\t<option value=\"CABA\">Ciudad Aut\u00f3noma de Buenos Aires <\/option>\n\t\t\t\t\t\t\t\t\t<option value=\"BuenosAires\">Buenos Aires <\/option>\n\t\t\t\t\t\t\t\t\t<option value=\"Catamarca\">Catamarca <\/option>\n\t\t\t\t\t\t\t\t\t<option value=\"Chaco\">Chaco <\/option>\n\t\t\t\t\t\t\t\t\t<option value=\"Chubut\">Chubut <\/option>\n\t\t\t\t\t\t\t\t\t<option value=\"Cordoba\">C\u00f3rdoba <\/option>\n\t\t\t\t\t\t\t\t\t<option value=\"Corrientes\">Corrientes <\/option>\n\t\t\t\t\t\t\t\t\t<option value=\"EntreRios\">Entre R\u00edos <\/option>\n\t\t\t\t\t\t\t\t\t<option value=\"Formosa\">Formosa <\/option>\n\t\t\t\t\t\t\t\t\t<option value=\"Jujuy\">Jujuy <\/option>\n\t\t\t\t\t\t\t\t\t<option value=\"LaPampa\">La Pampa <\/option>\n\t\t\t\t\t\t\t\t\t<option value=\"LaRioja\">La Rioja <\/option>\n\t\t\t\t\t\t\t\t\t<option value=\"Mendoza\">Mendoza <\/option>\n\t\t\t\t\t\t\t\t\t<option value=\"Misiones\">Misiones <\/option>\n\t\t\t\t\t\t\t\t\t<option value=\"Neuquen\">Neuqu\u00e9n <\/option>\n\t\t\t\t\t\t\t\t\t<option value=\"RioNegro\">R\u00edo Negro <\/option>\n\t\t\t\t\t\t\t\t\t<option value=\"Salta\">Salta <\/option>\n\t\t\t\t\t\t\t\t\t<option value=\"SanJuan\">San Juan <\/option>\n\t\t\t\t\t\t\t\t\t<option value=\"SanLuis\">San Luis <\/option>\n\t\t\t\t\t\t\t\t\t<option value=\"SantaCruz\">Santa Cruz <\/option>\n\t\t\t\t\t\t\t\t\t<option value=\"SantaFe\">Santa Fe <\/option>\n\t\t\t\t\t\t\t\t\t<option value=\"SantiadoDelEstero\">Santiago del Estero <\/option>\n\t\t\t\t\t\t\t\t\t<option value=\"TierraDelFuego\">Tierra del Fuego, Ant\u00e1rtida e Islas del Atl\u00e1ntico Sur <\/option>\n\t\t\t\t\t\t\t\t\t<option value=\"Tucuman\">Tucum\u00e1n <\/option>\n\t\t\t\t\t\t\t<\/select>\n\t\t<\/div>\n\t\t\t\t\t\t<\/div>\n\t\t\t\t\t\t\t\t<div class=\"elementor-field-type-text elementor-field-group elementor-column elementor-field-group-field_71f6a5f elementor-col-100 elementor-field-required elementor-mark-required\">\n\t\t\t\t\t\t\t\t\t\t\t\t<label for=\"form-field-field_71f6a5f\" class=\"elementor-field-label\">\n\t\t\t\t\t\t\t\tCiudad\t\t\t\t\t\t\t<\/label>\n\t\t\t\t\t\t\t\t\t\t\t\t\t\t<input size=\"1\" type=\"text\" name=\"form_fields[field_71f6a5f]\" id=\"form-field-field_71f6a5f\" class=\"elementor-field elementor-size-md  elementor-field-textual\" placeholder=\"Ciudad\" required=\"required\">\n\t\t\t\t\t\t\t\t\t\t\t<\/div>\n\t\t\t\t\t\t\t\t<div class=\"elementor-field-type-upload elementor-field-group elementor-column elementor-field-group-field_3ce6c81 elementor-col-100 elementor-field-required elementor-mark-required\">\n\t\t\t\t\t\t\t\t\t\t\t\t<label for=\"form-field-field_3ce6c81\" class=\"elementor-field-label\">\n\t\t\t\t\t\t\t\tAdjuntar CV\t\t\t\t\t\t\t<\/label>\n\t\t\t\t\t\t\t\t<input type=\"file\" name=\"form_fields[field_3ce6c81]\" id=\"form-field-field_3ce6c81\" class=\"elementor-field elementor-size-md  elementor-upload-field\" required=\"required\" data-maxsize=\"5\" data-maxsize-message=\"This file exceeds the maximum allowed size.\">\n\n\t\t\t\t\t\t<\/div>\n\t\t\t\t\t\t\t\t<div class=\"elementor-field-group elementor-column elementor-field-type-submit elementor-col-100 e-form__buttons\">\n\t\t\t\t\t<button class=\"elementor-button elementor-size-lg\" type=\"submit\">\n\t\t\t\t\t\t<span class=\"elementor-button-content-wrapper\">\n\t\t\t\t\t\t\t\t\t\t\t\t\t\t\t\t\t\t\t\t\t\t<span class=\"elementor-button-text\">Enviar solicitud<\/span>\n\t\t\t\t\t\t\t\t\t\t\t\t\t<\/span>\n\t\t\t\t\t<\/button>\n\t\t\t\t<\/div>\n\t\t\t<\/div>\n\t\t<\/form>\n\t\t\t\t\t\t<\/div>\n\t\t\t\t<\/div>\n\t\t\t\t\t<\/div>\n\t\t<\/div>\n\t\t\t\t\t<\/div>\n\t\t<\/section>\n\t\t\t\t<\/div>\n\t\t","protected":false},"excerpt":{"rendered":"<p>Trabaja con nosotros Nuestro objetivo principal en nuestro proceso de empleo es encontrar al candidato m\u00e1s adecuado para el puesto y para la familia ECONOVO. Si est\u00e1s interesado en trabajar con nosotros, complet\u00e1 el formulario de esta p\u00e1gina y envianos tu CV. Tambi\u00e9n pod\u00e9s enviarnos tu CV por email a: rrhh@econovo.com.ar<\/p>","protected":false},"author":1,"featured_media":0,"parent":0,"menu_order":0,"comment_status":"closed","ping_status":"closed","template":"elementor_header_footer","meta":{"footnotes":""},"class_list":["post-1038","page","type-page","status-publish","hentry"],"yoast_head":"<!-- This site is optimized with the Yoast SEO plugin v27.1.1 - https:\/\/yoast.com\/product\/yoast-seo-wordpress\/ -->\n<title>Trabaja con nosotros - Econovo Ambiental<\/title>\n<meta name=\"robots\" content=\"index, follow, max-snippet:-1, max-image-preview:large, max-video-preview:-1\" \/>\n<link rel=\"canonical\" href=\"https:\/\/econovo.com.ar\/eng\/trabaja-con-nosotros\/\" \/>\n<meta property=\"og:locale\" content=\"en_GB\" \/>\n<meta property=\"og:type\" content=\"article\" \/>\n<meta property=\"og:title\" content=\"Trabaja con nosotros - Econovo Ambiental\" \/>\n<meta property=\"og:description\" content=\"Trabaja con nosotros Nuestro objetivo principal en nuestro proceso de empleo es encontrar al candidato m\u00e1s adecuado para el puesto y para la familia ECONOVO. Si est\u00e1s interesado en trabajar con nosotros, complet\u00e1 el formulario de esta p\u00e1gina y envianos tu CV. Tambi\u00e9n pod\u00e9s enviarnos tu CV por email a: rrhh@econovo.com.ar\" \/>\n<meta property=\"og:url\" content=\"https:\/\/econovo.com.ar\/eng\/trabaja-con-nosotros\/\" \/>\n<meta property=\"og:site_name\" content=\"Econovo Ambiental\" \/>\n<meta property=\"article:modified_time\" content=\"2024-11-14T13:31:51+00:00\" \/>\n<meta name=\"twitter:card\" content=\"summary_large_image\" \/>\n<meta name=\"twitter:label1\" content=\"Estimated reading time\" \/>\n\t<meta name=\"twitter:data1\" content=\"1 minute\" \/>\n<script type=\"application\/ld+json\" class=\"yoast-schema-graph\">{\"@context\":\"https:\/\/schema.org\",\"@graph\":[{\"@type\":\"WebPage\",\"@id\":\"https:\/\/econovo.com.ar\/trabaja-con-nosotros\/\",\"url\":\"https:\/\/econovo.com.ar\/trabaja-con-nosotros\/\",\"name\":\"Trabaja con nosotros - Econovo Ambiental\",\"isPartOf\":{\"@id\":\"https:\/\/econovo.com.ar\/#website\"},\"datePublished\":\"2024-11-14T12:51:23+00:00\",\"dateModified\":\"2024-11-14T13:31:51+00:00\",\"breadcrumb\":{\"@id\":\"https:\/\/econovo.com.ar\/trabaja-con-nosotros\/#breadcrumb\"},\"inLanguage\":\"en-GB\",\"potentialAction\":[{\"@type\":\"ReadAction\",\"target\":[\"https:\/\/econovo.com.ar\/trabaja-con-nosotros\/\"]}]},{\"@type\":\"BreadcrumbList\",\"@id\":\"https:\/\/econovo.com.ar\/trabaja-con-nosotros\/#breadcrumb\",\"itemListElement\":[{\"@type\":\"ListItem\",\"position\":1,\"name\":\"Portada\",\"item\":\"https:\/\/econovo.com.ar\/\"},{\"@type\":\"ListItem\",\"position\":2,\"name\":\"Trabaja con nosotros\"}]},{\"@type\":\"WebSite\",\"@id\":\"https:\/\/econovo.com.ar\/#website\",\"url\":\"https:\/\/econovo.com.ar\/\",\"name\":\"Econovo Ambiental\",\"description\":\"\",\"publisher\":{\"@id\":\"https:\/\/econovo.com.ar\/#organization\"},\"potentialAction\":[{\"@type\":\"SearchAction\",\"target\":{\"@type\":\"EntryPoint\",\"urlTemplate\":\"https:\/\/econovo.com.ar\/?s={search_term_string}\"},\"query-input\":{\"@type\":\"PropertyValueSpecification\",\"valueRequired\":true,\"valueName\":\"search_term_string\"}}],\"inLanguage\":\"en-GB\"},{\"@type\":\"Organization\",\"@id\":\"https:\/\/econovo.com.ar\/#organization\",\"name\":\"Econovo Ambiental\",\"url\":\"https:\/\/econovo.com.ar\/\",\"logo\":{\"@type\":\"ImageObject\",\"inLanguage\":\"en-GB\",\"@id\":\"https:\/\/econovo.com.ar\/#\/schema\/logo\/image\/\",\"url\":\"https:\/\/econovo.com.ar\/wp-content\/uploads\/2023\/02\/cropped-Isologo-Ambiental-1.png\",\"contentUrl\":\"https:\/\/econovo.com.ar\/wp-content\/uploads\/2023\/02\/cropped-Isologo-Ambiental-1.png\",\"width\":185,\"height\":40,\"caption\":\"Econovo Ambiental\"},\"image\":{\"@id\":\"https:\/\/econovo.com.ar\/#\/schema\/logo\/image\/\"}}]}<\/script>\n<!-- \/ Yoast SEO plugin. -->","yoast_head_json":{"title":"Trabaja con nosotros - Econovo Ambiental","robots":{"index":"index","follow":"follow","max-snippet":"max-snippet:-1","max-image-preview":"max-image-preview:large","max-video-preview":"max-video-preview:-1"},"canonical":"https:\/\/econovo.com.ar\/eng\/trabaja-con-nosotros\/","og_locale":"en_GB","og_type":"article","og_title":"Trabaja con nosotros - Econovo Ambiental","og_description":"Trabaja con nosotros Nuestro objetivo principal en nuestro proceso de empleo es encontrar al candidato m\u00e1s adecuado para el puesto y para la familia ECONOVO. Si est\u00e1s interesado en trabajar con nosotros, complet\u00e1 el formulario de esta p\u00e1gina y envianos tu CV. Tambi\u00e9n pod\u00e9s enviarnos tu CV por email a: rrhh@econovo.com.ar","og_url":"https:\/\/econovo.com.ar\/eng\/trabaja-con-nosotros\/","og_site_name":"Econovo Ambiental","article_modified_time":"2024-11-14T13:31:51+00:00","twitter_card":"summary_large_image","twitter_misc":{"Estimated reading time":"1 minute"},"schema":{"@context":"https:\/\/schema.org","@graph":[{"@type":"WebPage","@id":"https:\/\/econovo.com.ar\/trabaja-con-nosotros\/","url":"https:\/\/econovo.com.ar\/trabaja-con-nosotros\/","name":"Trabaja con nosotros - Econovo Ambiental","isPartOf":{"@id":"https:\/\/econovo.com.ar\/#website"},"datePublished":"2024-11-14T12:51:23+00:00","dateModified":"2024-11-14T13:31:51+00:00","breadcrumb":{"@id":"https:\/\/econovo.com.ar\/trabaja-con-nosotros\/#breadcrumb"},"inLanguage":"en-GB","potentialAction":[{"@type":"ReadAction","target":["https:\/\/econovo.com.ar\/trabaja-con-nosotros\/"]}]},{"@type":"BreadcrumbList","@id":"https:\/\/econovo.com.ar\/trabaja-con-nosotros\/#breadcrumb","itemListElement":[{"@type":"ListItem","position":1,"name":"Portada","item":"https:\/\/econovo.com.ar\/"},{"@type":"ListItem","position":2,"name":"Trabaja con nosotros"}]},{"@type":"WebSite","@id":"https:\/\/econovo.com.ar\/#website","url":"https:\/\/econovo.com.ar\/","name":"Econovo Environmental","description":"","publisher":{"@id":"https:\/\/econovo.com.ar\/#organization"},"potentialAction":[{"@type":"SearchAction","target":{"@type":"EntryPoint","urlTemplate":"https:\/\/econovo.com.ar\/?s={search_term_string}"},"query-input":{"@type":"PropertyValueSpecification","valueRequired":true,"valueName":"search_term_string"}}],"inLanguage":"en-GB"},{"@type":"Organization","@id":"https:\/\/econovo.com.ar\/#organization","name":"Econovo Environmental","url":"https:\/\/econovo.com.ar\/","logo":{"@type":"ImageObject","inLanguage":"en-GB","@id":"https:\/\/econovo.com.ar\/#\/schema\/logo\/image\/","url":"https:\/\/econovo.com.ar\/wp-content\/uploads\/2023\/02\/cropped-Isologo-Ambiental-1.png","contentUrl":"https:\/\/econovo.com.ar\/wp-content\/uploads\/2023\/02\/cropped-Isologo-Ambiental-1.png","width":185,"height":40,"caption":"Econovo Ambiental"},"image":{"@id":"https:\/\/econovo.com.ar\/#\/schema\/logo\/image\/"}}]}},"_links":{"self":[{"href":"https:\/\/econovo.com.ar\/eng\/wp-json\/wp\/v2\/pages\/1038","targetHints":{"allow":["GET"]}}],"collection":[{"href":"https:\/\/econovo.com.ar\/eng\/wp-json\/wp\/v2\/pages"}],"about":[{"href":"https:\/\/econovo.com.ar\/eng\/wp-json\/wp\/v2\/types\/page"}],"author":[{"embeddable":true,"href":"https:\/\/econovo.com.ar\/eng\/wp-json\/wp\/v2\/users\/1"}],"replies":[{"embeddable":true,"href":"https:\/\/econovo.com.ar\/eng\/wp-json\/wp\/v2\/comments?post=1038"}],"version-history":[{"count":10,"href":"https:\/\/econovo.com.ar\/eng\/wp-json\/wp\/v2\/pages\/1038\/revisions"}],"predecessor-version":[{"id":1049,"href":"https:\/\/econovo.com.ar\/eng\/wp-json\/wp\/v2\/pages\/1038\/revisions\/1049"}],"wp:attachment":[{"href":"https:\/\/econovo.com.ar\/eng\/wp-json\/wp\/v2\/media?parent=1038"}],"curies":[{"name":"wp","href":"https:\/\/api.w.org\/{rel}","templated":true}]}}